{"id":115,"date":"2019-02-04T21:18:02","date_gmt":"2019-02-05T03:18:02","guid":{"rendered":"https:\/\/www.aprenderaaprender.mx\/?page_id=115"},"modified":"2021-11-28T20:22:02","modified_gmt":"2021-11-29T02:22:02","slug":"centro-evaluador","status":"publish","type":"page","link":"https:\/\/www.aprenderaaprender.com.mx\/index.php\/centro-evaluador\/","title":{"rendered":"CENTRO EVALUADOR"},"content":{"rendered":"\n<div class=\"wp-block-columns has-2-columns is-layout-flex wp-container-core-columns-is-layout-9d6595d7 wp-block-columns-is-layout-flex\">\n<div class=\"wp-block-column is-layout-flow wp-block-column-is-layout-flow\">\n<figure class=\"wp-block-image size-full\"><img loading=\"lazy\" decoding=\"async\" width=\"276\" height=\"156\" src=\"https:\/\/www.aprenderaaprender.com.mx\/sandbox\/ver\/wp-content\/uploads\/2021\/11\/1-1.jpg\" alt=\"\" class=\"wp-image-212\"\/><\/figure>\n\n\n\n<p> El Sistema Nacional de Competencias es un Instrumento del Gobierno Federal que contribuye a la competitividad econ\u00f3mica, al desarrollo educativo y al progreso social de M\u00e9xico, con base en el fortalecimiento de las competencias de las personas. <\/p>\n\n\n\n<p> Para enfrentar con \u00e9xito los desaf\u00edos de los mercados cada vez m\u00e1s globalizados, M\u00e9xico requiere de empresarios, trabajadores, docentes y servidores p\u00fablicos m\u00e1s competentes. El Sistema Nacional de Competencias facilita los mecanismos para que las organizaciones e instituciones p\u00fablicas y privadas, cuenten con personas m\u00e1s competentes. <\/p>\n\n\n\n<p><strong>Est\u00e1ndares Acreditados<br>ECO2017<br>Impartici\u00f3n de cursos de formaci\u00f3n del capital humano de manera presencial grupal<\/strong><\/p>\n\n\n\n<p><\/p>\n<\/div>\n\n\n\n<div class=\"wp-block-column is-layout-flow wp-block-column-is-layout-flow\">\n<p><\/p>\n\n\n\n<figure class=\"wp-block-image is-resized\"><img loading=\"lazy\" decoding=\"async\" src=\"https:\/\/www.aprenderaaprender.com.mx\/sandbox\/ver\/wp-content\/uploads\/2019\/02\/engranes.png\" alt=\"\" class=\"wp-image-194\" width=\"293\" height=\"267\" srcset=\"https:\/\/www.aprenderaaprender.com.mx\/wp-content\/uploads\/2019\/02\/engranes.png 363w, https:\/\/www.aprenderaaprender.com.mx\/wp-content\/uploads\/2019\/02\/engranes-300x274.png 300w\" sizes=\"auto, (max-width: 293px) 100vw, 293px\" \/><figcaption><br> <\/figcaption><\/figure>\n<\/div>\n<\/div>\n","protected":false},"excerpt":{"rendered":"<p>El Sistema Nacional de Competencias es un Instrumento del Gobierno Federal que contribuye a la competitividad econ\u00f3mica, al desarrollo educativo y al progreso social de M\u00e9xico, con base en el fortalecimiento de las competencias de las personas. Para enfrentar con \u00e9xito los desaf\u00edos de los mercados cada vez m\u00e1s globalizados, M\u00e9xico requiere de empresarios, trabajadores, [&hellip;]<\/p>\n","protected":false},"author":1,"featured_media":0,"parent":0,"menu_order":0,"comment_status":"closed","ping_status":"closed","template":"","meta":{"footnotes":""},"class_list":["post-115","page","type-page","status-publish","hentry","post"],"_links":{"self":[{"href":"https:\/\/www.aprenderaaprender.com.mx\/index.php\/wp-json\/wp\/v2\/pages\/115","targetHints":{"allow":["GET"]}}],"collection":[{"href":"https:\/\/www.aprenderaaprender.com.mx\/index.php\/wp-json\/wp\/v2\/pages"}],"about":[{"href":"https:\/\/www.aprenderaaprender.com.mx\/index.php\/wp-json\/wp\/v2\/types\/page"}],"author":[{"embeddable":true,"href":"https:\/\/www.aprenderaaprender.com.mx\/index.php\/wp-json\/wp\/v2\/users\/1"}],"replies":[{"embeddable":true,"href":"https:\/\/www.aprenderaaprender.com.mx\/index.php\/wp-json\/wp\/v2\/comments?post=115"}],"version-history":[{"count":4,"href":"https:\/\/www.aprenderaaprender.com.mx\/index.php\/wp-json\/wp\/v2\/pages\/115\/revisions"}],"predecessor-version":[{"id":213,"href":"https:\/\/www.aprenderaaprender.com.mx\/index.php\/wp-json\/wp\/v2\/pages\/115\/revisions\/213"}],"wp:attachment":[{"href":"https:\/\/www.aprenderaaprender.com.mx\/index.php\/wp-json\/wp\/v2\/media?parent=115"}],"curies":[{"name":"wp","href":"https:\/\/api.w.org\/{rel}","templated":true}]}}